{"id":787,"date":"2025-06-27T23:27:24","date_gmt":"2025-06-27T21:27:24","guid":{"rendered":"https:\/\/unesorcieresurletoit.com\/?page_id=787"},"modified":"2026-04-30T22:29:04","modified_gmt":"2026-04-30T20:29:04","slug":"sejours-thematiques","status":"publish","type":"page","link":"https:\/\/unesorcieresurletoit.com\/index.php\/sejours-thematiques\/","title":{"rendered":"S\u00e9jours Th\u00e9matiques"},"content":{"rendered":"\n<div class=\"wp-block-group alignfull is-content-justification-center is-layout-constrained wp-container-core-group-is-layout-888b3e69 wp-block-group-is-layout-constrained\" style=\"margin-top:0;margin-bottom:0;padding-top:calc( 0.5 * var(u002du002dwpu002du002dstyleu002du002drootu002du002dpadding-right, var(u002du002dwpu002du002dcustomu002du002dgapu002du002dhorizontal)));padding-right:var(u002du002dwpu002du002dstyleu002du002drootu002du002dpadding-right, var(u002du002dwpu002du002dcustomu002du002dgapu002du002dhorizontal));padding-bottom:calc( 0.5 * var(u002du002dwpu002du002dstyleu002du002drootu002du002dpadding-right, var(u002du002dwpu002du002dcustomu002du002dgapu002du002dhorizontal)));padding-left:var(u002du002dwpu002du002dstyleu002du002drootu002du002dpadding-left, var(u002du002dwpu002du002dcustomu002du002dgapu002du002dhorizontal))\">\n<div class=\"wp-block-group alignwide is-layout-constrained wp-block-group-is-layout-constrained\" style=\"margin-top:0;margin-bottom:0;padding-top:var(--wp--preset--spacing--70);padding-bottom:var(--wp--preset--spacing--70)\">\n<h1 class=\"wp-block-heading alignfull has-text-align-center\" style=\"font-style:normal;font-weight:100\">Sejours Th\u00e9matiques<\/h1>\n\n\n\n<figure class=\"wp-block-image aligncenter size-full is-resized is-style-default\"><img loading=\"lazy\" decoding=\"async\" width=\"1530\" height=\"2040\" src=\"https:\/\/unesorcieresurletoit.com\/wp-content\/uploads\/2026\/04\/WhatsApp-Image-2026-04-30-at-22.20.22.jpeg\" alt=\"\" class=\"wp-image-1346\" style=\"width:1096px;height:auto\" srcset=\"https:\/\/unesorcieresurletoit.com\/wp-content\/uploads\/2026\/04\/WhatsApp-Image-2026-04-30-at-22.20.22.jpeg 1530w, https:\/\/unesorcieresurletoit.com\/wp-content\/uploads\/2026\/04\/WhatsApp-Image-2026-04-30-at-22.20.22-225x300.jpeg 225w, https:\/\/unesorcieresurletoit.com\/wp-content\/uploads\/2026\/04\/WhatsApp-Image-2026-04-30-at-22.20.22-768x1024.jpeg 768w, https:\/\/unesorcieresurletoit.com\/wp-content\/uploads\/2026\/04\/WhatsApp-Image-2026-04-30-at-22.20.22-1152x1536.jpeg 1152w, https:\/\/unesorcieresurletoit.com\/wp-content\/uploads\/2026\/04\/WhatsApp-Image-2026-04-30-at-22.20.22-600x800.jpeg 600w\" sizes=\"auto, (max-width: 1530px) 100vw, 1530px\" \/><\/figure>\n\n\n\n<div style=\"height:0.44rem;width:0px\" aria-hidden=\"true\" class=\"wp-block-spacer\"><\/div>\n\n\n\n<div class=\"wp-block-columns alignwide are-vertically-aligned-top is-layout-flex wp-container-core-columns-is-layout-28f84493 wp-block-columns-is-layout-flex\">\n<div class=\"wp-block-column is-vertically-aligned-top is-content-justification-right is-layout-constrained wp-container-core-column-is-layout-c53b0335 wp-block-column-is-layout-constrained\">\n<h2 class=\"wp-block-heading has-text-align-right has-large-font-size\" style=\"border-style:none;border-width:0px;margin-top:0;margin-right:0;margin-bottom:0;margin-left:0\">Bient\u00f4t disponible : <br>nos s\u00e9jours th\u00e9matiques !<br><br>Les travaux d&rsquo;am\u00e9nagement sont en cours, et avancent&#8230; bien plus lentement que pr\u00e9vu bien s\u00fbr!<br><br>J&rsquo;esp\u00e8re pouvoir bient\u00f4t vous proposer des s\u00e9jours autour de la nature et des plantes<br>m\u00e9dicinales pour votre bien-\u00eatre.<br><br>Restez connect\u00e9s, les premi\u00e8res dates arrivent !<\/h2>\n<\/div>\n\n\n\n<div class=\"wp-block-column is-layout-flow wp-block-column-is-layout-flow\" style=\"flex-basis:20px\"><\/div>\n\n\n\n<div class=\"wp-block-column is-vertically-aligned-top is-layout-flow wp-block-column-is-layout-flow\" style=\"flex-basis:40%\">\n<figure class=\"wp-block-image size-large\"><img loading=\"lazy\" decoding=\"async\" width=\"1024\" height=\"425\" src=\"https:\/\/unesorcieresurletoit.com\/wp-content\/uploads\/2026\/04\/WhatsApp-Image-2026-04-30-at-22.22.28-1024x425.jpeg\" alt=\"\" class=\"wp-image-1343\" srcset=\"https:\/\/unesorcieresurletoit.com\/wp-content\/uploads\/2026\/04\/WhatsApp-Image-2026-04-30-at-22.22.28-1024x425.jpeg 1024w, https:\/\/unesorcieresurletoit.com\/wp-content\/uploads\/2026\/04\/WhatsApp-Image-2026-04-30-at-22.22.28-300x125.jpeg 300w, https:\/\/unesorcieresurletoit.com\/wp-content\/uploads\/2026\/04\/WhatsApp-Image-2026-04-30-at-22.22.28-768x319.jpeg 768w, https:\/\/unesorcieresurletoit.com\/wp-content\/uploads\/2026\/04\/WhatsApp-Image-2026-04-30-at-22.22.28-1536x638.jpeg 1536w, https:\/\/unesorcieresurletoit.com\/wp-content\/uploads\/2026\/04\/WhatsApp-Image-2026-04-30-at-22.22.28-600x249.jpeg 600w, https:\/\/unesorcieresurletoit.com\/wp-content\/uploads\/2026\/04\/WhatsApp-Image-2026-04-30-at-22.22.28.jpeg 2048w\" sizes=\"auto, (max-width: 1024px) 100vw, 1024px\" \/><\/figure>\n<\/div>\n<\/div>\n\n\n\n<figure class=\"wp-block-image size-large\"><img loading=\"lazy\" decoding=\"async\" width=\"1024\" height=\"768\" src=\"https:\/\/unesorcieresurletoit.com\/wp-content\/uploads\/2026\/04\/WhatsApp-Image-2026-04-30-at-22.22.21-1-1024x768.jpeg\" alt=\"\" class=\"wp-image-1344\" srcset=\"https:\/\/unesorcieresurletoit.com\/wp-content\/uploads\/2026\/04\/WhatsApp-Image-2026-04-30-at-22.22.21-1-1024x768.jpeg 1024w, https:\/\/unesorcieresurletoit.com\/wp-content\/uploads\/2026\/04\/WhatsApp-Image-2026-04-30-at-22.22.21-1-300x225.jpeg 300w, https:\/\/unesorcieresurletoit.com\/wp-content\/uploads\/2026\/04\/WhatsApp-Image-2026-04-30-at-22.22.21-1-768x576.jpeg 768w, https:\/\/unesorcieresurletoit.com\/wp-content\/uploads\/2026\/04\/WhatsApp-Image-2026-04-30-at-22.22.21-1-1536x1152.jpeg 1536w, https:\/\/unesorcieresurletoit.com\/wp-content\/uploads\/2026\/04\/WhatsApp-Image-2026-04-30-at-22.22.21-1-600x450.jpeg 600w, https:\/\/unesorcieresurletoit.com\/wp-content\/uploads\/2026\/04\/WhatsApp-Image-2026-04-30-at-22.22.21-1.jpeg 2048w\" sizes=\"auto, (max-width: 1024px) 100vw, 1024px\" \/><\/figure>\n<\/div>\n\n\n<div class=\"wp-block-jetpack-contact-form is-layout-flex wp-container-jetpack-contact-form-is-layout-113187fd wp-block-jetpack-contact-form-is-layout-flex\"><a href=\"https:\/\/unesorcieresurletoit.com\/index.php\/sejours-thematiques\/\" target=\"_blank\" rel=\"noopener noreferrer\">Soumettre un formulaire.<\/a><\/div><\/div>\n\n\n\n<p><\/p>\n","protected":false},"excerpt":{"rendered":"<p>Sejours Th\u00e9matiques Bient\u00f4t disponible : nos s\u00e9jours th\u00e9matiques ! Les travaux d&rsquo;am\u00e9nagement sont en cours, et avancent&#8230; bien plus lentement [&hellip;]<\/p>\n","protected":false},"author":1,"featured_media":0,"parent":0,"menu_order":0,"comment_status":"closed","ping_status":"closed","template":"","meta":{"site-sidebar-layout":"default","site-content-layout":"","ast-site-content-layout":"","site-content-style":"default","site-sidebar-style":"default","ast-global-header-display":"","ast-banner-title-visibility":"","ast-main-header-display":"","ast-hfb-above-header-display":"","ast-hfb-below-header-display":"","ast-hfb-mobile-header-display":"","site-post-title":"disabled","ast-breadcrumbs-content":"","ast-featured-img":"","footer-sml-layout":"","ast-disable-related-posts":"","theme-transparent-header-meta":"disabled","adv-header-id-meta":"","stick-header-meta":"","header-above-stick-meta":"","header-main-stick-meta":"","header-below-stick-meta":"","astra-migrate-meta-layouts":"default","ast-page-background-enabled":"default","ast-page-background-meta":{"desktop":{"background-color":"var(--ast-global-color-5)","background-image":"","background-repeat":"repeat","background-position":"center center","background-size":"auto","background-attachment":"scroll","background-type":"","background-media":"","overlay-type":"","overlay-color":"","overlay-opacity":"","overlay-gradient":""},"tablet":{"background-color":"","background-image":"","background-repeat":"repeat","background-position":"center center","background-size":"auto","background-attachment":"scroll","background-type":"","background-media":"","overlay-type":"","overlay-color":"","overlay-opacity":"","overlay-gradient":""},"mobile":{"background-color":"","background-image":"","background-repeat":"repeat","background-position":"center center","background-size":"auto","background-attachment":"scroll","background-type":"","background-media":"","overlay-type":"","overlay-color":"","overlay-opacity":"","overlay-gradient":""}},"ast-content-background-meta":{"desktop":{"background-color":"var(--ast-global-color-4)","background-image":"","background-repeat":"repeat","background-position":"center center","background-size":"auto","background-attachment":"scroll","background-type":"","background-media":"","overlay-type":"","overlay-color":"","overlay-opacity":"","overlay-gradient":""},"tablet":{"background-color":"var(--ast-global-color-4)","background-image":"","background-repeat":"repeat","background-position":"center center","background-size":"auto","background-attachment":"scroll","background-type":"","background-media":"","overlay-type":"","overlay-color":"","overlay-opacity":"","overlay-gradient":""},"mobile":{"background-color":"var(--ast-global-color-4)","background-image":"","background-repeat":"repeat","background-position":"center center","background-size":"auto","background-attachment":"scroll","background-type":"","background-media":"","overlay-type":"","overlay-color":"","overlay-opacity":"","overlay-gradient":""}},"advanced_seo_description":"","jetpack_seo_html_title":"","jetpack_seo_noindex":false,"footnotes":""},"class_list":["post-787","page","type-page","status-publish","hentry"],"jetpack_sharing_enabled":true,"_links":{"self":[{"href":"https:\/\/unesorcieresurletoit.com\/index.php\/wp-json\/wp\/v2\/pages\/787","targetHints":{"allow":["GET"]}}],"collection":[{"href":"https:\/\/unesorcieresurletoit.com\/index.php\/wp-json\/wp\/v2\/pages"}],"about":[{"href":"https:\/\/unesorcieresurletoit.com\/index.php\/wp-json\/wp\/v2\/types\/page"}],"author":[{"embeddable":true,"href":"https:\/\/unesorcieresurletoit.com\/index.php\/wp-json\/wp\/v2\/users\/1"}],"replies":[{"embeddable":true,"href":"https:\/\/unesorcieresurletoit.com\/index.php\/wp-json\/wp\/v2\/comments?post=787"}],"version-history":[{"count":13,"href":"https:\/\/unesorcieresurletoit.com\/index.php\/wp-json\/wp\/v2\/pages\/787\/revisions"}],"predecessor-version":[{"id":1347,"href":"https:\/\/unesorcieresurletoit.com\/index.php\/wp-json\/wp\/v2\/pages\/787\/revisions\/1347"}],"wp:attachment":[{"href":"https:\/\/unesorcieresurletoit.com\/index.php\/wp-json\/wp\/v2\/media?parent=787"}],"curies":[{"name":"wp","href":"https:\/\/api.w.org\/{rel}","templated":true}]}}